{"id":8441,"date":"2022-09-13T13:57:52","date_gmt":"2022-09-13T18:57:52","guid":{"rendered":"https:\/\/ateneo.co\/landing\/?page_id=8441"},"modified":"2023-08-25T10:50:17","modified_gmt":"2023-08-25T15:50:17","slug":"plan-de-marketing-digital-farmaceutico-2023","status":"publish","type":"page","link":"https:\/\/ateneo.co\/landing\/plan-de-marketing-digital-farmaceutico-2023\/","title":{"rendered":"Plan de marketing digital farmac\u00e9utico 2023"},"content":{"rendered":"[et_pb_section admin_label=\u00bbsection\u00bb]\n\t\t\t[et_pb_row admin_label=\u00bbrow\u00bb]\n\t\t\t\t[et_pb_column type=\u00bb4_4&#8243;][et_pb_text admin_label=\u00bbText\u00bb]\n<p>Descubra las tendencias de<br>marketing digital farmac\u00e9utico 2023.<br>\u00bfQu\u00e9 incluir y excluir en el plan de<br>marketing digital para el pr\u00f3ximo a\u00f1o?<br>3 Consejos pr\u00e1cticos para que el<br>plan de marketing farmac\u00e9utico<br>digital funcione en 2023<\/p>\n[\/et_pb_text][\/et_pb_column]\n\t\t\t[\/et_pb_row]\n\t\t[\/et_pb_section]\r\n","protected":false},"excerpt":{"rendered":"<p>Descubra las tendencias demarketing digital farmac\u00e9utico 2023.\u00bfQu\u00e9 incluir y excluir en el plan demarketing digital para el pr\u00f3ximo a\u00f1o?3 Consejos pr\u00e1cticos para que elplan de marketing farmac\u00e9uticodigital funcione en 2023<\/p>\n","protected":false},"author":1,"featured_media":10354,"parent":0,"menu_order":0,"comment_status":"closed","ping_status":"closed","template":"","meta":{"_acf_changed":false,"_et_pb_use_builder":"on","_et_pb_old_content":"<!-- wp:paragraph -->\n<p>Descubra las tendencias de<br>marketing digital farmac\u00e9utico 2023.<br>\u00bfQu\u00e9 incluir y excluir en el plan de<br>marketing digital para el pr\u00f3ximo a\u00f1o?<br>3 Consejos pr\u00e1cticos para que el<br>plan de marketing farmac\u00e9utico<br>digital funcione en 2023<\/p>\n<!-- \/wp:paragraph -->","_et_gb_content_width":"","footnotes":""},"class_list":["post-8441","page","type-page","status-publish","has-post-thumbnail","hentry"],"acf":[],"_links":{"self":[{"href":"https:\/\/ateneo.co\/landing\/wp-json\/wp\/v2\/pages\/8441","targetHints":{"allow":["GET"]}}],"collection":[{"href":"https:\/\/ateneo.co\/landing\/wp-json\/wp\/v2\/pages"}],"about":[{"href":"https:\/\/ateneo.co\/landing\/wp-json\/wp\/v2\/types\/page"}],"author":[{"embeddable":true,"href":"https:\/\/ateneo.co\/landing\/wp-json\/wp\/v2\/users\/1"}],"replies":[{"embeddable":true,"href":"https:\/\/ateneo.co\/landing\/wp-json\/wp\/v2\/comments?post=8441"}],"version-history":[{"count":3,"href":"https:\/\/ateneo.co\/landing\/wp-json\/wp\/v2\/pages\/8441\/revisions"}],"predecessor-version":[{"id":12212,"href":"https:\/\/ateneo.co\/landing\/wp-json\/wp\/v2\/pages\/8441\/revisions\/12212"}],"wp:featuredmedia":[{"embeddable":true,"href":"https:\/\/ateneo.co\/landing\/wp-json\/wp\/v2\/media\/10354"}],"wp:attachment":[{"href":"https:\/\/ateneo.co\/landing\/wp-json\/wp\/v2\/media?parent=8441"}],"curies":[{"name":"wp","href":"https:\/\/api.w.org\/{rel}","templated":true}]}}